{"id":677,"date":"2023-05-09T20:43:21","date_gmt":"2023-05-09T20:43:21","guid":{"rendered":"https:\/\/camilosimaoadvocacia.com.br\/advogado-de-familia-divorcio\/?page_id=677"},"modified":"2026-01-20T20:25:27","modified_gmt":"2026-01-20T20:25:27","slug":"pagina-inicial","status":"publish","type":"page","link":"https:\/\/camilosimaoadvocacia.com.br\/advogado-de-familia-divorcio\/","title":{"rendered":"Advogado de Fam\u00edlia"},"content":{"rendered":"\t\t<div data-elementor-type=\"wp-page\" data-elementor-id=\"677\" class=\"elementor elementor-677\" data-elementor-settings=\"{&quot;ha_cmc_init_switcher&quot;:&quot;no&quot;}\">\n\t\t\t\t\t\t<section class=\"elementor-section elementor-top-section elementor-element elementor-element-76119aca elementor-section-stretched elementor-section-boxed elementor-section-height-default elementor-section-height-default\" data-id=\"76119aca\" data-element_type=\"section\" data-e-type=\"section\" data-settings=\"{&quot;background_background&quot;:&quot;slideshow&quot;,&quot;stretch_section&quot;:&quot;section-stretched&quot;,&quot;background_slideshow_gallery&quot;:[],&quot;background_slideshow_loop&quot;:&quot;yes&quot;,&quot;background_slideshow_slide_duration&quot;:5000,&quot;background_slideshow_slide_transition&quot;:&quot;fade&quot;,&quot;background_slideshow_transition_duration&quot;:500,&quot;_ha_eqh_enable&quot;:false}\">\n\t\t\t\t\t\t\t<div class=\"elementor-background-overlay\"><\/div>\n\t\t\t\t\t\t\t<div class=\"elementor-container elementor-column-gap-default\">\n\t\t\t\t\t<div class=\"elementor-column elementor-col-100 elementor-top-column elementor-element elementor-element-174f97ac\" data-id=\"174f97ac\" data-element_type=\"column\" data-e-type=\"column\" data-settings=\"{&quot;background_background&quot;:&quot;classic&quot;}\">\n\t\t\t<div class=\"elementor-widget-wrap elementor-element-populated\">\n\t\t\t\t\t\t<div class=\"elementor-element elementor-element-e36c966 elementor-widget elementor-widget-image\" data-id=\"e36c966\" data-element_type=\"widget\" data-e-type=\"widget\" data-widget_type=\"image.default\">\n\t\t\t\t<div class=\"elementor-widget-container\">\n\t\t\t\t\t\t\t\t\t\t\t\t\t\t\t<img decoding=\"async\" width=\"150\" height=\"150\" src=\"https:\/\/camilosimaoadvocacia.com.br\/advogado-de-familia-divorcio\/wp-content\/uploads\/2025\/10\/oLIVEIRA-sIMAO-sANTOS-sAAB-6-150x150.png\" class=\"attachment-thumbnail size-thumbnail wp-image-1621\" alt=\"\" srcset=\"https:\/\/camilosimaoadvocacia.com.br\/advogado-de-familia-divorcio\/wp-content\/uploads\/2025\/10\/oLIVEIRA-sIMAO-sANTOS-sAAB-6-150x150.png 150w, https:\/\/camilosimaoadvocacia.com.br\/advogado-de-familia-divorcio\/wp-content\/uploads\/2025\/10\/oLIVEIRA-sIMAO-sANTOS-sAAB-6-300x300.png 300w, https:\/\/camilosimaoadvocacia.com.br\/advogado-de-familia-divorcio\/wp-content\/uploads\/2025\/10\/oLIVEIRA-sIMAO-sANTOS-sAAB-6.png 500w\" sizes=\"(max-width: 150px) 100vw, 150px\" title=\"\">\t\t\t\t\t\t\t\t\t\t\t\t\t\t\t<\/div>\n\t\t\t\t<\/div>\n\t\t\t\t<div class=\"elementor-element elementor-element-2d7dc540 elementor-widget__width-initial elementor-widget elementor-widget-elementskit-heading\" data-id=\"2d7dc540\" data-element_type=\"widget\" data-e-type=\"widget\" data-widget_type=\"elementskit-heading.default\">\n\t\t\t\t<div class=\"elementor-widget-container\">\n\t\t\t\t\t<div class=\"ekit-wid-con\" ><div class=\"ekit-heading elementskit-section-title-wraper text_left   ekit_heading_tablet-   ekit_heading_mobile-text_center\"><h1 class=\"ekit-heading--title elementskit-section-title  ekit-heading__title-has-border start\">Procurando Advogado de Fam\u00edlia?<\/h1><\/div><\/div>\t\t\t\t<\/div>\n\t\t\t\t<\/div>\n\t\t\t\t<div class=\"elementor-element elementor-element-3b0ae4b elementor-widget elementor-widget-text-editor\" data-id=\"3b0ae4b\" data-element_type=\"widget\" data-e-type=\"widget\" data-widget_type=\"text-editor.default\">\n\t\t\t\t<div class=\"elementor-widget-container\">\n\t\t\t\t\t\t\t\t\t<p style=\"text-align: justify;\">Seja Bem Vindo a Camilo &amp; Sim\u00e3o Advocacia, conte com nosso escrit\u00f3rio nesse dif\u00edcio momento <span style=\"color: #ff6600;\">&#8211; Advogado de Fam\u00edlia<\/span> em todo estado de S\u00e3o Paulo. Equipe de Especialistas em Direito de Fam\u00edlia, com mais de 16 anos de experi\u00eancia, no qual atua na resolu\u00e7\u00e3o de conflitos familiares de forma justa e assertiva.<\/p>\t\t\t\t\t\t\t\t<\/div>\n\t\t\t\t<\/div>\n\t\t\t\t<div class=\"elementor-element elementor-element-77492db elementor-align--mobilecenter elementor-align-center elementor-widget elementor-widget-elementskit-button\" data-id=\"77492db\" data-element_type=\"widget\" data-e-type=\"widget\" data-widget_type=\"elementskit-button.default\">\n\t\t\t\t<div class=\"elementor-widget-container\">\n\t\t\t\t\t<div class=\"ekit-wid-con\" >\t\t<div class=\"ekit-btn-wraper\">\n\t\t\t\t\t\t\t<a href=\"https:\/\/wa.me\/5511971766934?text=Ol\u00e1,%20localizei%20o%20escrit\u00f3rio%20no%20Google,%20e%20desejo%20falar%20com%20um%20Advogado%20de%20Fam\u00edlia.\" class=\"elementskit-btn  whitespace--normal\" id=\"\" target=\"_blank\" rel=\"noopener\">\n\t\t\t\t\t<i class=\"fab fa-whatsapp\"><\/i>Desejo Falar com um Advogado\t\t\t\t<\/a>\n\t\t\t\t\t<\/div>\n        <\/div>\t\t\t\t<\/div>\n\t\t\t\t<\/div>\n\t\t\t\t\t<\/div>\n\t\t<\/div>\n\t\t\t\t\t<\/div>\n\t\t<\/section>\n\t\t\t\t<section class=\"elementor-section elementor-top-section elementor-element elementor-element-497e9d4 elementor-section-boxed elementor-section-height-default elementor-section-height-default\" data-id=\"497e9d4\" data-element_type=\"section\" data-e-type=\"section\" data-settings=\"{&quot;_ha_eqh_enable&quot;:false}\">\n\t\t\t\t\t\t<div class=\"elementor-container elementor-column-gap-default\">\n\t\t\t\t\t<div class=\"elementor-column elementor-col-100 elementor-top-column elementor-element elementor-element-413a12d\" data-id=\"413a12d\" data-element_type=\"column\" data-e-type=\"column\">\n\t\t\t<div class=\"elementor-widget-wrap elementor-element-populated\">\n\t\t\t\t\t\t<section class=\"elementor-section elementor-inner-section elementor-element elementor-element-3467e5c elementor-section-boxed elementor-section-height-default elementor-section-height-default\" data-id=\"3467e5c\" data-element_type=\"section\" data-e-type=\"section\" data-settings=\"{&quot;_ha_eqh_enable&quot;:false}\">\n\t\t\t\t\t\t<div class=\"elementor-container elementor-column-gap-default\">\n\t\t\t\t\t<div class=\"elementor-column elementor-col-50 elementor-inner-column elementor-element elementor-element-78b4a5a\" data-id=\"78b4a5a\" data-element_type=\"column\" data-e-type=\"column\">\n\t\t\t<div class=\"elementor-widget-wrap elementor-element-populated\">\n\t\t\t\t\t\t<div class=\"elementor-element elementor-element-45b9680 elementor-widget elementor-widget-image\" data-id=\"45b9680\" data-element_type=\"widget\" data-e-type=\"widget\" data-widget_type=\"image.default\">\n\t\t\t\t<div class=\"elementor-widget-container\">\n\t\t\t\t\t\t\t\t\t\t\t\t\t\t\t<img decoding=\"async\" src=\"https:\/\/camilosimaoadvocacia.com.br\/advogado-de-familia-divorcio\/wp-content\/uploads\/elementor\/thumbs\/oLIVEIRA-sIMAO-sANTOS-sAAB-4-rcnzqh0q81j1ekccwc9hp25pzvv0eu84u94o43nnio.webp\" title=\"oLIVEIRA sIM\u00c3O sANTOS &#038; sAAB (4)\" alt=\"Advogado de Fam\u00edlia - Div\u00f3rcio\" loading=\"lazy\" \/>\t\t\t\t\t\t\t\t\t\t\t\t\t\t\t<\/div>\n\t\t\t\t<\/div>\n\t\t\t\t<div class=\"elementor-element elementor-element-0fcd544 elementor-widget elementor-widget-heading\" data-id=\"0fcd544\" data-element_type=\"widget\" data-e-type=\"widget\" data-widget_type=\"heading.default\">\n\t\t\t\t<div class=\"elementor-widget-container\">\n\t\t\t\t\t<h2 class=\"elementor-heading-title elementor-size-default\">Seu problema \u00e9 a nossa Prioridade!<\/h2>\t\t\t\t<\/div>\n\t\t\t\t<\/div>\n\t\t\t\t\t<\/div>\n\t\t<\/div>\n\t\t\t\t<div class=\"elementor-column elementor-col-50 elementor-inner-column elementor-element elementor-element-5507fa3\" data-id=\"5507fa3\" data-element_type=\"column\" data-e-type=\"column\">\n\t\t\t<div class=\"elementor-widget-wrap elementor-element-populated\">\n\t\t\t\t\t\t<div class=\"elementor-element elementor-element-fb57d04 elementor-widget elementor-widget-heading\" data-id=\"fb57d04\" data-element_type=\"widget\" data-e-type=\"widget\" data-widget_type=\"heading.default\">\n\t\t\t\t<div class=\"elementor-widget-container\">\n\t\t\t\t\t<h2 class=\"elementor-heading-title elementor-size-default\"><a href=\"https:\/\/camilosimaoadvocacia.com.br\/\">Advogado de Fam\u00edlia:<\/a><\/h2>\t\t\t\t<\/div>\n\t\t\t\t<\/div>\n\t\t\t\t<div class=\"elementor-element elementor-element-f0022bd elementor-widget elementor-widget-text-editor\" data-id=\"f0022bd\" data-element_type=\"widget\" data-e-type=\"widget\" data-widget_type=\"text-editor.default\">\n\t\t\t\t<div class=\"elementor-widget-container\">\n\t\t\t\t\t\t\t\t\t<p style=\"text-align: justify;\">Nosso escrit\u00f3rio atua de forma especializada em <strong>div\u00f3rcios litigiosos e consensuais<\/strong>, al\u00e9m da <strong>dissolu\u00e7\u00e3o de uni\u00e3o est\u00e1vel<\/strong>, sempre com \u00e9tica, sigilo e dedica\u00e7\u00e3o. Nosso compromisso \u00e9 oferecer seguran\u00e7a jur\u00eddica e solu\u00e7\u00f5es adequadas para cada situa\u00e7\u00e3o.<\/p><p style=\"text-align: justify;\">Nossos Advogados de Fam\u00edlia sempre buscam a melhor solu\u00e7\u00e3o para proteger seus direitos e garantir seguran\u00e7a jur\u00eddica ao cliente. Conte com nossa experi\u00eancia com mais de 16 anos de atua\u00e7\u00e3o, para conduzir seu caso com responsabilidade e efici\u00eancia.\u00a0 \u00a0<\/p><p style=\"text-align: justify;\">Precisa resolver quest\u00f5es de div\u00f3rcio ou uni\u00e3o est\u00e1vel? Atendemos com agilidade e total confidencialidade em conflitos familiares. Proteja seus direitos. Fale agora com um advogado de fam\u00edlia especializado!<\/p>\t\t\t\t\t\t\t\t<\/div>\n\t\t\t\t<\/div>\n\t\t\t\t\t<\/div>\n\t\t<\/div>\n\t\t\t\t\t<\/div>\n\t\t<\/section>\n\t\t\t\t\t<\/div>\n\t\t<\/div>\n\t\t\t\t\t<\/div>\n\t\t<\/section>\n\t\t\t\t<section class=\"elementor-section elementor-top-section elementor-element elementor-element-7235a52f elementor-section-stretched elementor-section-boxed elementor-section-height-default elementor-section-height-default\" data-id=\"7235a52f\" data-element_type=\"section\" data-e-type=\"section\" data-settings=\"{&quot;stretch_section&quot;:&quot;section-stretched&quot;,&quot;background_background&quot;:&quot;classic&quot;,&quot;_ha_eqh_enable&quot;:false}\">\n\t\t\t\t\t\t<div class=\"elementor-container elementor-column-gap-default\">\n\t\t\t\t\t<div class=\"elementor-column elementor-col-100 elementor-top-column elementor-element elementor-element-4c398f45\" data-id=\"4c398f45\" data-element_type=\"column\" data-e-type=\"column\">\n\t\t\t<div class=\"elementor-widget-wrap elementor-element-populated\">\n\t\t\t\t\t\t<section class=\"elementor-section elementor-inner-section elementor-element elementor-element-2a072fc elementor-section-boxed elementor-section-height-default elementor-section-height-default\" data-id=\"2a072fc\" data-element_type=\"section\" data-e-type=\"section\" data-settings=\"{&quot;_ha_eqh_enable&quot;:false}\">\n\t\t\t\t\t\t<div class=\"elementor-container elementor-column-gap-default\">\n\t\t\t\t\t<div class=\"elementor-column elementor-col-50 elementor-inner-column elementor-element elementor-element-44cf39e\" data-id=\"44cf39e\" data-element_type=\"column\" data-e-type=\"column\">\n\t\t\t<div class=\"elementor-widget-wrap elementor-element-populated\">\n\t\t\t\t\t\t<div class=\"elementor-element elementor-element-d4c2a07 elementor-widget elementor-widget-image\" data-id=\"d4c2a07\" data-element_type=\"widget\" data-e-type=\"widget\" data-widget_type=\"image.default\">\n\t\t\t\t<div class=\"elementor-widget-container\">\n\t\t\t\t\t\t\t\t\t\t\t\t\t\t\t<img decoding=\"async\" width=\"150\" height=\"150\" src=\"https:\/\/camilosimaoadvocacia.com.br\/advogado-de-familia-divorcio\/wp-content\/uploads\/2026\/01\/Design-sem-nome-9-150x150.webp\" class=\"attachment-thumbnail size-thumbnail wp-image-1835 has-transparency\" alt=\"\" data-has-transparency=\"true\" data-dominant-color=\"302c2c\" style=\"--dominant-color: #302c2c\" title=\"\">\t\t\t\t\t\t\t\t\t\t\t\t\t\t\t<\/div>\n\t\t\t\t<\/div>\n\t\t\t\t\t<\/div>\n\t\t<\/div>\n\t\t\t\t<div class=\"elementor-column elementor-col-50 elementor-inner-column elementor-element elementor-element-019afe4\" data-id=\"019afe4\" data-element_type=\"column\" data-e-type=\"column\">\n\t\t\t<div class=\"elementor-widget-wrap elementor-element-populated\">\n\t\t\t\t\t\t<div class=\"elementor-element elementor-element-8e4d453 elementor-widget elementor-widget-image\" data-id=\"8e4d453\" data-element_type=\"widget\" data-e-type=\"widget\" data-widget_type=\"image.default\">\n\t\t\t\t<div class=\"elementor-widget-container\">\n\t\t\t\t\t\t\t\t\t\t\t\t<figure class=\"wp-caption\">\n\t\t\t\t\t\t\t\t\t\t\t<a href=\"https:\/\/www.instagram.com\/sua.lei.agora?igsh=MXJ0M3h2ZmVjdjFqaA%3D%3D&#038;utm_source=qr\" target=\"_blank\" rel=\"noopener\">\n\t\t\t\t\t\t\t<img decoding=\"async\" width=\"150\" height=\"150\" src=\"https:\/\/camilosimaoadvocacia.com.br\/advogado-de-familia-divorcio\/wp-content\/uploads\/2025\/09\/oLIVEIRA-sIMAO-sANTOS-sAAB-1-1-150x150.png\" class=\"attachment-thumbnail size-thumbnail wp-image-1447\" alt=\"\" srcset=\"https:\/\/camilosimaoadvocacia.com.br\/advogado-de-familia-divorcio\/wp-content\/uploads\/2025\/09\/oLIVEIRA-sIMAO-sANTOS-sAAB-1-1-150x150.png 150w, https:\/\/camilosimaoadvocacia.com.br\/advogado-de-familia-divorcio\/wp-content\/uploads\/2025\/09\/oLIVEIRA-sIMAO-sANTOS-sAAB-1-1-300x300.png 300w, https:\/\/camilosimaoadvocacia.com.br\/advogado-de-familia-divorcio\/wp-content\/uploads\/2025\/09\/oLIVEIRA-sIMAO-sANTOS-sAAB-1-1.png 500w\" sizes=\"(max-width: 150px) 100vw, 150px\" title=\"\">\t\t\t\t\t\t\t\t<\/a>\n\t\t\t\t\t\t\t\t\t\t\t<figcaption class=\"widget-image-caption wp-caption-text\">Siga nosso perfil no Instagram! L\u00e1 nossos advogados trazem informa\u00e7\u00f5es, curiosidades e atualiza\u00e7\u00f5es das \u00faltimas decis\u00f5es do Direito de Fam\u00edlia.<\/figcaption>\n\t\t\t\t\t\t\t\t\t\t<\/figure>\n\t\t\t\t\t\t\t\t\t<\/div>\n\t\t\t\t<\/div>\n\t\t\t\t\t<\/div>\n\t\t<\/div>\n\t\t\t\t\t<\/div>\n\t\t<\/section>\n\t\t\t\t<section class=\"elementor-section elementor-inner-section elementor-element elementor-element-b4a3acb elementor-section-boxed elementor-section-height-default elementor-section-height-default\" data-id=\"b4a3acb\" data-element_type=\"section\" data-e-type=\"section\" data-settings=\"{&quot;_ha_eqh_enable&quot;:false}\">\n\t\t\t\t\t\t<div class=\"elementor-container elementor-column-gap-default\">\n\t\t\t\t\t<div class=\"elementor-column elementor-col-50 elementor-inner-column elementor-element elementor-element-3616116\" data-id=\"3616116\" data-element_type=\"column\" data-e-type=\"column\">\n\t\t\t<div class=\"elementor-widget-wrap elementor-element-populated\">\n\t\t\t\t\t\t<div class=\"elementor-element elementor-element-aea62e2 elementor-widget elementor-widget-image\" data-id=\"aea62e2\" data-element_type=\"widget\" data-e-type=\"widget\" data-widget_type=\"image.default\">\n\t\t\t\t<div class=\"elementor-widget-container\">\n\t\t\t\t\t\t\t\t\t\t\t\t\t\t\t\t<a href=\"https:\/\/camilosimaoadvocacia.com.br\/advogado-de-familia-divorcio\">\n\t\t\t\t\t\t\t<img loading=\"lazy\" decoding=\"async\" width=\"300\" height=\"300\" src=\"https:\/\/camilosimaoadvocacia.com.br\/advogado-de-familia-divorcio\/wp-content\/uploads\/2025\/10\/oLIVEIRA-sIMAO-sANTOS-sAAB-6-300x300.png\" class=\"attachment-medium size-medium wp-image-1621\" alt=\"\" srcset=\"https:\/\/camilosimaoadvocacia.com.br\/advogado-de-familia-divorcio\/wp-content\/uploads\/2025\/10\/oLIVEIRA-sIMAO-sANTOS-sAAB-6-300x300.png 300w, https:\/\/camilosimaoadvocacia.com.br\/advogado-de-familia-divorcio\/wp-content\/uploads\/2025\/10\/oLIVEIRA-sIMAO-sANTOS-sAAB-6-150x150.png 150w, https:\/\/camilosimaoadvocacia.com.br\/advogado-de-familia-divorcio\/wp-content\/uploads\/2025\/10\/oLIVEIRA-sIMAO-sANTOS-sAAB-6.png 500w\" sizes=\"(max-width: 300px) 100vw, 300px\" title=\"\">\t\t\t\t\t\t\t\t<\/a>\n\t\t\t\t\t\t\t\t\t\t\t\t\t\t\t<\/div>\n\t\t\t\t<\/div>\n\t\t\t\t\t<\/div>\n\t\t<\/div>\n\t\t\t\t<div class=\"elementor-column elementor-col-50 elementor-inner-column elementor-element elementor-element-0d1eef8\" data-id=\"0d1eef8\" data-element_type=\"column\" data-e-type=\"column\">\n\t\t\t<div class=\"elementor-widget-wrap elementor-element-populated\">\n\t\t\t\t\t\t<div class=\"elementor-element elementor-element-f144ab2 elementor-widget elementor-widget-heading\" data-id=\"f144ab2\" data-element_type=\"widget\" data-e-type=\"widget\" data-widget_type=\"heading.default\">\n\t\t\t\t<div class=\"elementor-widget-container\">\n\t\t\t\t\t<h2 class=\"elementor-heading-title elementor-size-default\">\u00a92022 | Camilo &amp; Sim\u00e3o Advogados - Todos os direitos reservados<\/h2>\t\t\t\t<\/div>\n\t\t\t\t<\/div>\n\t\t\t\t<div class=\"elementor-element elementor-element-db18e3a elementor-widget elementor-widget-heading\" data-id=\"db18e3a\" data-element_type=\"widget\" data-e-type=\"widget\" data-widget_type=\"heading.default\">\n\t\t\t\t<div class=\"elementor-widget-container\">\n\t\t\t\t\t<h2 class=\"elementor-heading-title elementor-size-default\">Este site n\u00e3o \u00e9 um produto Meta Platforms, Inc. ou Google LLC, n\u00e3o oferece Servi\u00e7os P\u00fablicos Oficiais. Este site trata-se de uma p\u00e1gina de um Escrit\u00f3rio de Advocacia, no qual, presta Servi\u00e7os Jur\u00eddicos, privativos de Advogados, de acordo com a legisla\u00e7\u00e3o vigente e C\u00f3digo de \u00c9tica e Disciplina da OAB do Brasil.<\/h2>\t\t\t\t<\/div>\n\t\t\t\t<\/div>\n\t\t\t\t\t<\/div>\n\t\t<\/div>\n\t\t\t\t\t<\/div>\n\t\t<\/section>\n\t\t\t\t<div class=\"elementor-element elementor-element-35554c2 elementor-widget elementor-widget-heading\" data-id=\"35554c2\" data-element_type=\"widget\" data-e-type=\"widget\" data-widget_type=\"heading.default\">\n\t\t\t\t<div class=\"elementor-widget-container\">\n\t\t\t\t\t<h2 class=\"elementor-heading-title elementor-size-default\"><a href=\"https:\/\/www.instagram.com\/sua.lei.agora?igsh=MXJ0M3h2ZmVjdjFqaA%3D%3D&#038;utm_source=qr\" target=\"_blank\" rel=\"noopener\">Nossa Rede Social!<\/a><\/h2>\t\t\t\t<\/div>\n\t\t\t\t<\/div>\n\t\t\t\t\t<\/div>\n\t\t<\/div>\n\t\t\t\t\t<\/div>\n\t\t<\/section>\n\t\t\t\t<\/div>\n\t\t","protected":false},"excerpt":{"rendered":"<p>Procurando Advogado de Fam\u00edlia? Seja Bem Vindo a Camilo &amp; Sim\u00e3o Advocacia, conte com nosso escrit\u00f3rio nesse dif\u00edcio momento &#8211; Advogado de Fam\u00edlia em todo estado de S\u00e3o Paulo. Equipe de Especialistas em Direito de Fam\u00edlia, com mais de 16 anos de experi\u00eancia, no qual atua na resolu\u00e7\u00e3o de conflitos familiares de forma justa e&hellip;&nbsp;<a href=\"https:\/\/camilosimaoadvocacia.com.br\/advogado-de-familia-divorcio\/\" rel=\"bookmark\">Ler mais &raquo;<span class=\"screen-reader-text\">Advogado de Fam\u00edlia<\/span><\/a><\/p>\n","protected":false},"author":1,"featured_media":0,"parent":0,"menu_order":0,"comment_status":"closed","ping_status":"closed","template":"","meta":{"neve_meta_sidebar":"","neve_meta_container":"","neve_meta_enable_content_width":"on","neve_meta_content_width":100,"neve_meta_title_alignment":"","neve_meta_author_avatar":"","neve_post_elements_order":"","neve_meta_disable_header":"","neve_meta_disable_footer":"","neve_meta_disable_title":"on","footnotes":""},"class_list":["post-677","page","type-page","status-publish","hentry"],"_links":{"self":[{"href":"https:\/\/camilosimaoadvocacia.com.br\/advogado-de-familia-divorcio\/wp-json\/wp\/v2\/pages\/677","targetHints":{"allow":["GET"]}}],"collection":[{"href":"https:\/\/camilosimaoadvocacia.com.br\/advogado-de-familia-divorcio\/wp-json\/wp\/v2\/pages"}],"about":[{"href":"https:\/\/camilosimaoadvocacia.com.br\/advogado-de-familia-divorcio\/wp-json\/wp\/v2\/types\/page"}],"author":[{"embeddable":true,"href":"https:\/\/camilosimaoadvocacia.com.br\/advogado-de-familia-divorcio\/wp-json\/wp\/v2\/users\/1"}],"replies":[{"embeddable":true,"href":"https:\/\/camilosimaoadvocacia.com.br\/advogado-de-familia-divorcio\/wp-json\/wp\/v2\/comments?post=677"}],"version-history":[{"count":759,"href":"https:\/\/camilosimaoadvocacia.com.br\/advogado-de-familia-divorcio\/wp-json\/wp\/v2\/pages\/677\/revisions"}],"predecessor-version":[{"id":1839,"href":"https:\/\/camilosimaoadvocacia.com.br\/advogado-de-familia-divorcio\/wp-json\/wp\/v2\/pages\/677\/revisions\/1839"}],"wp:attachment":[{"href":"https:\/\/camilosimaoadvocacia.com.br\/advogado-de-familia-divorcio\/wp-json\/wp\/v2\/media?parent=677"}],"curies":[{"name":"wp","href":"https:\/\/api.w.org\/{rel}","templated":true}]}}